{"id":109,"date":"2018-01-25T13:56:42","date_gmt":"2018-01-25T13:56:42","guid":{"rendered":"http:\/\/127.0.0.1\/wordpress\/?page_id=109"},"modified":"2018-09-07T08:10:41","modified_gmt":"2018-09-07T08:10:41","slug":"je-postule","status":"publish","type":"page","link":"https:\/\/www.ungobelinchezvous.fr\/?page_id=109","title":{"rendered":"Je postule"},"content":{"rendered":"<div id=\"pl-109\"  class=\"panel-layout\" ><div id=\"pg-109-0\"  class=\"panel-grid panel-has-style\" ><div class=\"panel-row-style panel-row-style-for-109-0\" ><div id=\"pgc-109-0-0\"  class=\"panel-grid-cell\" ><div id=\"panel-109-0-0-0\" class=\"so-panel widget widget_sow-headline panel-first-child\" data-index=\"0\" ><div\n\t\t\t\n\t\t\tclass=\"so-widget-sow-headline so-widget-sow-headline-default-63dc0314e8f4-109 so-widget-fittext-wrapper\"\n\t\t\t data-fit-text-compressor=\"0.85\"\n\t\t><div class=\"sow-headline-container \">\n\t<h3 class='sow-headline'>D\u00e9posez votre candidature en ligne pour devenir un(e) Gobelin<\/h3><h3 class='sow-sub-headline'>Remplissez les champs du formulaire ci-apr\u00e8s, puis validez votre candidature en cliquant sur le bouton \"J'envoie ma candidature\"<\/h3>\t\t\t\t\t<div class=\"decoration\">\n\t\t\t\t\t\t<div class=\"decoration-inside\"><\/div>\n\t\t\t\t\t<\/div>\n\t\t\t\t\t<\/div>\n<\/div><\/div><div id=\"panel-109-0-0-1\" class=\"so-panel widget widget_wpforms-widget wpforms-widget\" data-index=\"1\" ><div class=\"panel-widget-style panel-widget-style-for-109-0-0-1\" ><div class=\"wpforms-container wpforms-container-full\" id=\"wpforms-113\"><form id=\"wpforms-form-113\" class=\"wpforms-validate wpforms-form\" data-formid=\"113\" method=\"post\" enctype=\"multipart\/form-data\" action=\"\/index.php?rest_route=%2Fwp%2Fv2%2Fpages%2F109\" data-token=\"5bc07d0ba81a5f71a8699560acab9bf0\"><div class=\"wpforms-head-container\"><\/div><noscript class=\"wpforms-error-noscript\">Veuillez activer JavaScript dans votre navigateur pour remplir ce formulaire.<\/noscript><div class=\"wpforms-field-container\"><div id=\"wpforms-113-field_1-container\" class=\"wpforms-field wpforms-field-name\" data-field-id=\"1\"><label class=\"wpforms-field-label\" for=\"wpforms-113-field_1\">Nom <span class=\"wpforms-required-label\">*<\/span><\/label><div class=\"wpforms-field-row wpforms-field-medium\"><div class=\"wpforms-field-row-block wpforms-first wpforms-one-half\"><input type=\"text\" id=\"wpforms-113-field_1\" class=\"wpforms-field-name-first wpforms-field-required\" name=\"wpforms[fields][1][first]\" placeholder=\"Pr\u00e9nom\" required><label for=\"wpforms-113-field_1\" class=\"wpforms-field-sublabel after wpforms-sublabel-hide\">Pr\u00e9nom<\/label><\/div><div class=\"wpforms-field-row-block wpforms-one-half\"><input type=\"text\" id=\"wpforms-113-field_1-last\" class=\"wpforms-field-name-last wpforms-field-required\" name=\"wpforms[fields][1][last]\" placeholder=\"Nom\" required><label for=\"wpforms-113-field_1-last\" class=\"wpforms-field-sublabel after wpforms-sublabel-hide\">Nom<\/label><\/div><\/div><\/div><div id=\"wpforms-113-field_13-container\" class=\"wpforms-field wpforms-field-text\" data-field-id=\"13\"><label class=\"wpforms-field-label\" for=\"wpforms-113-field_13\">Adresse postale <span class=\"wpforms-required-label\">*<\/span><\/label><input type=\"text\" id=\"wpforms-113-field_13\" class=\"wpforms-field-large wpforms-field-required\" name=\"wpforms[fields][13]\" placeholder=\"N\u00b0 de voie \/ code postal \/ ville\" required><\/div><div id=\"wpforms-113-field_3-container\" class=\"wpforms-field wpforms-field-text\" data-field-id=\"3\"><label class=\"wpforms-field-label\" for=\"wpforms-113-field_3\">T\u00e9l\u00e9phone <span class=\"wpforms-required-label\">*<\/span><\/label><input type=\"text\" id=\"wpforms-113-field_3\" class=\"wpforms-field-medium wpforms-field-required\" name=\"wpforms[fields][3]\" placeholder=\"Portable ou fixe\" required><\/div><div id=\"wpforms-113-field_12-container\" class=\"wpforms-field wpforms-field-email\" data-field-id=\"12\"><label class=\"wpforms-field-label\" for=\"wpforms-113-field_12\">Courriel <span class=\"wpforms-required-label\">*<\/span><\/label><div class=\"wpforms-field-row wpforms-field-medium\"><div class=\"wpforms-field-row-block wpforms-one-half wpforms-first\"><input type=\"email\" id=\"wpforms-113-field_12\" class=\"wpforms-field-required wpforms-field-email-primary\" name=\"wpforms[fields][12][primary]\" placeholder=\"exemple@ici.com\" spellcheck=\"false\" required><label for=\"wpforms-113-field_12\" class=\"wpforms-field-sublabel after wpforms-sublabel-hide\">E-mail<\/label><\/div><div class=\"wpforms-field-row-block wpforms-one-half\"><input type=\"email\" id=\"wpforms-113-field_12-secondary\" class=\"wpforms-field-email-secondary wpforms-field-required\" data-rule-confirm=\"#wpforms-113-field_12\" name=\"wpforms[fields][12][secondary]\" placeholder=\"Confirmation de l&#039;adresse\" spellcheck=\"false\" required><label for=\"wpforms-113-field_12-secondary\" class=\"wpforms-field-sublabel after wpforms-sublabel-hide\">Confirmez l\u2019e-mail<\/label><\/div><\/div><\/div><div id=\"wpforms-113-field_4-container\" class=\"wpforms-field wpforms-field-select\" data-field-id=\"4\"><label class=\"wpforms-field-label\" for=\"wpforms-113-field_4\">A quelle tranche d&#039;\u00e2ge correspondez-vous ?<\/label><select id=\"wpforms-113-field_4\" class=\"wpforms-field-medium\" name=\"wpforms[fields][4]\"><option value=\"18-24 ans\"  selected='selected'>18-24 ans<\/option><option value=\"25-29 ans\" >25-29 ans<\/option><option value=\"30-39 ans\" >30-39 ans<\/option><option value=\"40-49 ans\" >40-49 ans<\/option><option value=\"50-59 ans\" >50-59 ans<\/option><option value=\"60-70 ans\" >60-70 ans<\/option><option value=\"+ 70 ans\" >+ 70 ans<\/option><\/select><\/div><div id=\"wpforms-113-field_5-container\" class=\"wpforms-field wpforms-field-checkbox wpforms-list-3-columns\" data-field-id=\"5\"><label class=\"wpforms-field-label\" for=\"wpforms-113-field_5\">Avez-vous le permis B ?<\/label><ul id=\"wpforms-113-field_5\"><li class=\"choice-1 depth-1\"><input type=\"checkbox\" id=\"wpforms-113-field_5_1\" name=\"wpforms[fields][5][]\" value=\"Oui\"  ><label class=\"wpforms-field-label-inline\" for=\"wpforms-113-field_5_1\">Oui<\/label><\/li><li class=\"choice-2 depth-1\"><input type=\"checkbox\" id=\"wpforms-113-field_5_2\" name=\"wpforms[fields][5][]\" value=\"Non\"  ><label class=\"wpforms-field-label-inline\" for=\"wpforms-113-field_5_2\">Non<\/label><\/li><li class=\"choice-4 depth-1\"><input type=\"checkbox\" id=\"wpforms-113-field_5_4\" name=\"wpforms[fields][5][]\" value=\"En cours\"  ><label class=\"wpforms-field-label-inline\" for=\"wpforms-113-field_5_4\">En cours<\/label><\/li><\/ul><\/div><div id=\"wpforms-113-field_6-container\" class=\"wpforms-field wpforms-field-checkbox wpforms-list-2-columns\" data-field-id=\"6\"><label class=\"wpforms-field-label\" for=\"wpforms-113-field_6\">Avez-vous d\u00e9j\u00e0 \u00e9t\u00e9 VDI ?<\/label><ul id=\"wpforms-113-field_6\"><li class=\"choice-1 depth-1\"><input type=\"checkbox\" id=\"wpforms-113-field_6_1\" name=\"wpforms[fields][6][]\" value=\"Oui\"  ><label class=\"wpforms-field-label-inline\" for=\"wpforms-113-field_6_1\">Oui<\/label><\/li><li class=\"choice-2 depth-1\"><input type=\"checkbox\" id=\"wpforms-113-field_6_2\" name=\"wpforms[fields][6][]\" value=\"Non\"  ><label class=\"wpforms-field-label-inline\" for=\"wpforms-113-field_6_2\">Non<\/label><\/li><\/ul><\/div><div id=\"wpforms-113-field_7-container\" class=\"wpforms-field wpforms-field-textarea\" data-field-id=\"7\"><label class=\"wpforms-field-label\" for=\"wpforms-113-field_7\">Souhaitez-vous ajouter quelque chose ?<\/label><textarea id=\"wpforms-113-field_7\" class=\"wpforms-field-medium\" name=\"wpforms[fields][7]\" placeholder=\"Cet espace est pour vous, n&#039;h\u00e9sitez pas \u00e0 nous parler de vos motivations et de vos qualit\u00e9s :)\" ><\/textarea><\/div><div id=\"wpforms-113-field_9-container\" class=\"wpforms-field wpforms-field-radio wpforms-list-inline\" data-field-id=\"9\"><label class=\"wpforms-field-label\" for=\"wpforms-113-field_9\">Comment avez-vous connu &quot;Un Gobelin chez vous&quot; ?<\/label><ul id=\"wpforms-113-field_9\"><li class=\"choice-1 depth-1\"><input type=\"radio\" id=\"wpforms-113-field_9_1\" name=\"wpforms[fields][9]\" value=\"En r\u00e9union\"  ><label class=\"wpforms-field-label-inline\" for=\"wpforms-113-field_9_1\">En r\u00e9union<\/label><\/li><li class=\"choice-2 depth-1\"><input type=\"radio\" id=\"wpforms-113-field_9_2\" name=\"wpforms[fields][9]\" value=\"Facebook\"  ><label class=\"wpforms-field-label-inline\" for=\"wpforms-113-field_9_2\">Facebook<\/label><\/li><li class=\"choice-3 depth-1\"><input type=\"radio\" id=\"wpforms-113-field_9_3\" name=\"wpforms[fields][9]\" value=\"En boutique\"  ><label class=\"wpforms-field-label-inline\" for=\"wpforms-113-field_9_3\">En boutique<\/label><\/li><li class=\"choice-4 depth-1\"><input type=\"radio\" id=\"wpforms-113-field_9_4\" name=\"wpforms[fields][9]\" value=\"Manifestation\"  ><label class=\"wpforms-field-label-inline\" for=\"wpforms-113-field_9_4\">Manifestation<\/label><\/li><li class=\"choice-5 depth-1\"><input type=\"radio\" id=\"wpforms-113-field_9_5\" name=\"wpforms[fields][9]\" value=\"Bouche \u00e0 oreille\"  ><label class=\"wpforms-field-label-inline\" for=\"wpforms-113-field_9_5\">Bouche \u00e0 oreille<\/label><\/li><li class=\"choice-6 depth-1\"><input type=\"radio\" id=\"wpforms-113-field_9_6\" name=\"wpforms[fields][9]\" value=\"Autre\"  ><label class=\"wpforms-field-label-inline\" for=\"wpforms-113-field_9_6\">Autre<\/label><\/li><\/ul><\/div><div id=\"wpforms-113-field_11-container\" class=\"wpforms-field wpforms-field-text\" data-field-id=\"11\"><label class=\"wpforms-field-label\" for=\"wpforms-113-field_11\">Si autre, merci de pr\u00e9ciser :<\/label><input type=\"text\" id=\"wpforms-113-field_11\" class=\"wpforms-field-medium\" name=\"wpforms[fields][11]\" ><\/div><\/div><!-- .wpforms-field-container --><div class=\"wpforms-field wpforms-field-hp\"><label for=\"wpforms-113-field-hp\" class=\"wpforms-field-label\">Comment<\/label><input type=\"text\" name=\"wpforms[hp]\" id=\"wpforms-113-field-hp\" class=\"wpforms-field-medium\"><\/div><div class=\"wpforms-submit-container\" ><input type=\"hidden\" name=\"wpforms[id]\" value=\"113\"><input type=\"hidden\" name=\"wpforms[author]\" value=\"1\"><button type=\"submit\" name=\"wpforms[submit]\" id=\"wpforms-submit-113\" class=\"wpforms-submit\" data-alt-text=\"En cours d&#039;envoi...\" data-submit-text=\"J&#039;envoie ma candidature\" aria-live=\"assertive\" value=\"wpforms-submit\">J&#039;envoie ma candidature<\/button><\/div><\/form><\/div>  <!-- .wpforms-container --><\/div><\/div><div id=\"panel-109-0-0-2\" class=\"so-panel widget widget_sow-editor panel-last-child\" data-index=\"2\" ><div\n\t\t\t\n\t\t\tclass=\"so-widget-sow-editor so-widget-sow-editor-base\"\n\t\t\t\n\t\t>\n<div class=\"siteorigin-widget-tinymce textwidget\">\n\t<p style=\"text-align: center;\"><em>Une confirmation de r\u00e9ception de votre candidature vous sera envoy\u00e9e \u00e0 l'adresse e-mail renseign\u00e9e ci-dessus<\/em><\/p>\n<\/div>\n<\/div><\/div><\/div><\/div><\/div><\/div>","protected":false},"excerpt":{"rendered":"<p>Une confirmation de r\u00e9ception de votre candidature vous sera envoy\u00e9e \u00e0 l&rsquo;adresse e-mail renseign\u00e9e ci-dessus<\/p>\n","protected":false},"author":1,"featured_media":0,"parent":0,"menu_order":0,"comment_status":"closed","ping_status":"closed","template":"gDefault.php","meta":{"_genesis_hide_title":false,"_genesis_hide_breadcrumbs":false,"_genesis_hide_singular_image":false,"_genesis_hide_footer_widgets":false,"_genesis_custom_body_class":"","_genesis_custom_post_class":"","_genesis_layout":""},"_links":{"self":[{"href":"https:\/\/www.ungobelinchezvous.fr\/index.php?rest_route=\/wp\/v2\/pages\/109"}],"collection":[{"href":"https:\/\/www.ungobelinchezvous.fr\/index.php?rest_route=\/wp\/v2\/pages"}],"about":[{"href":"https:\/\/www.ungobelinchezvous.fr\/index.php?rest_route=\/wp\/v2\/types\/page"}],"author":[{"embeddable":true,"href":"https:\/\/www.ungobelinchezvous.fr\/index.php?rest_route=\/wp\/v2\/users\/1"}],"replies":[{"embeddable":true,"href":"https:\/\/www.ungobelinchezvous.fr\/index.php?rest_route=%2Fwp%2Fv2%2Fcomments&post=109"}],"version-history":[{"count":23,"href":"https:\/\/www.ungobelinchezvous.fr\/index.php?rest_route=\/wp\/v2\/pages\/109\/revisions"}],"predecessor-version":[{"id":1345,"href":"https:\/\/www.ungobelinchezvous.fr\/index.php?rest_route=\/wp\/v2\/pages\/109\/revisions\/1345"}],"wp:attachment":[{"href":"https:\/\/www.ungobelinchezvous.fr\/index.php?rest_route=%2Fwp%2Fv2%2Fmedia&parent=109"}],"curies":[{"name":"wp","href":"https:\/\/api.w.org\/{rel}","templated":true}]}}