{"id":1350,"date":"2018-09-10T08:16:05","date_gmt":"2018-09-10T08:16:05","guid":{"rendered":"https:\/\/www.ungobelinchezvous.fr\/?page_id=1350"},"modified":"2018-10-01T14:11:48","modified_gmt":"2018-10-01T14:11:48","slug":"test_catalogue","status":"publish","type":"page","link":"https:\/\/www.ungobelinchezvous.fr\/?page_id=1350","title":{"rendered":"Anniversaire"},"content":{"rendered":"<div id=\"pl-1350\"  class=\"panel-layout\" ><div id=\"pg-1350-0\"  class=\"panel-grid panel-has-style\" ><div class=\"siteorigin-panels-stretch panel-row-style panel-row-style-for-1350-0\" data-stretch-type=\"full-stretched\" ><div id=\"pgc-1350-0-0\"  class=\"panel-grid-cell\" ><div id=\"panel-1350-0-0-0\" class=\"so-panel widget widget_sow-hero panel-first-child panel-last-child\" data-index=\"0\" ><div class=\"panel-widget-style panel-widget-style-for-1350-0-0-0\" ><div\n\t\t\t\n\t\t\tclass=\"so-widget-sow-hero so-widget-sow-hero-default-95a944652f62-1350 so-widget-fittext-wrapper\"\n\t\t\t data-fit-text-compressor=\"0.85\"\n\t\t>\t\t\t\t<div class=\"sow-slider-base\" style=\"display: none\">\n\t\t\t\t\t<ul\n\t\t\t\t\tclass=\"sow-slider-images\"\n\t\t\t\t\tdata-settings=\"{&quot;pagination&quot;:true,&quot;speed&quot;:800,&quot;timeout&quot;:8000,&quot;paused&quot;:false,&quot;pause_on_hover&quot;:false,&quot;swipe&quot;:true,&quot;nav_always_show_desktop&quot;:&quot;&quot;,&quot;nav_always_show_mobile&quot;:&quot;&quot;,&quot;breakpoint&quot;:&quot;780px&quot;,&quot;unmute&quot;:false,&quot;anchor&quot;:null}\"\n\t\t\t\t\tstyle=\"min-height: 30%\"\t\t\t\t\tdata-anchor-id=\"\"\n\t\t\t\t>\t\t<li class=\"sow-slider-image  sow-slider-image-cover\" style=\"visibility: visible;;background-color: #333333;background-image: url(https:\/\/www.ungobelinchezvous.fr\/wp-content\/uploads\/2018\/10\/Happy-Birthday-Letter-Candles-Singapore-e1538403073348.jpg)\" >\n\t\t\t\t\t<div class=\"sow-slider-image-container\">\n\t\t\t<div class=\"sow-slider-image-wrapper\">\n\t\t\t\t\t\t\t<\/div>\n\t\t<\/div>\n\t\t\t\t<\/li>\n\t\t<\/ul>\t\t\t\t<ol class=\"sow-slider-pagination\">\n\t\t\t\t\t\t\t\t\t\t\t<li><a href=\"#\" data-goto=\"0\" aria-label=\"afficher la diapositive 1\"><\/a><\/li>\n\t\t\t\t\t\t\t\t\t<\/ol>\n\n\t\t\t\t<div class=\"sow-slide-nav sow-slide-nav-next\">\n\t\t\t\t\t<a href=\"#\" data-goto=\"next\" aria-label=\"diapositive suivante\" data-action=\"next\">\n\t\t\t\t\t\t<em class=\"sow-sld-icon-thin-right\"><\/em>\n\t\t\t\t\t<\/a>\n\t\t\t\t<\/div>\n\n\t\t\t\t<div class=\"sow-slide-nav sow-slide-nav-prev\">\n\t\t\t\t\t<a href=\"#\" data-goto=\"previous\" aria-label=\"diapositive pr\u00e9c\u00e9dente\" data-action=\"prev\">\n\t\t\t\t\t\t<em class=\"sow-sld-icon-thin-left\"><\/em>\n\t\t\t\t\t<\/a>\n\t\t\t\t<\/div>\n\t\t\t\t<\/div><\/div><\/div><\/div><\/div><\/div><\/div><div id=\"pg-1350-1\"  class=\"panel-grid panel-has-style\" ><div class=\"panel-row-style panel-row-style-for-1350-1\" ><div id=\"pgc-1350-1-0\"  class=\"panel-grid-cell\" ><div id=\"panel-1350-1-0-0\" class=\"so-panel widget widget_sow-headline panel-first-child panel-last-child\" data-index=\"1\" ><div\n\t\t\t\n\t\t\tclass=\"so-widget-sow-headline so-widget-sow-headline-default-cceb4ed25618-1350 so-widget-fittext-wrapper\"\n\t\t\t data-fit-text-compressor=\"0.85\"\n\t\t><div class=\"sow-headline-container \">\n\t<h1 class='sow-headline'>\"Un Gobelin chez vous\" f\u00eate votre anniversaire<\/h1><h3 class='sow-sub-headline'>2 heures d'animation personnalis\u00e9e pour un moment inoubliable<\/h3>\t\t\t\t\t<div class=\"decoration\">\n\t\t\t\t\t\t<div class=\"decoration-inside\"><\/div>\n\t\t\t\t\t<\/div>\n\t\t\t\t\t<\/div>\n<\/div><\/div><\/div><\/div><\/div><div id=\"pg-1350-2\"  class=\"panel-grid panel-has-style\" ><div class=\"panel-row-style panel-row-style-for-1350-2\" ><div id=\"pgc-1350-2-0\"  class=\"panel-grid-cell\" ><div id=\"panel-1350-2-0-0\" class=\"so-panel widget widget_sow-editor panel-first-child panel-last-child\" data-index=\"2\" ><div\n\t\t\t\n\t\t\tclass=\"so-widget-sow-editor so-widget-sow-editor-base\"\n\t\t\t\n\t\t>\n<div class=\"siteorigin-widget-tinymce textwidget\">\n\t<div style=\"border: 1px solid #fa6000; background-color: #fde1c9; text-align: center; font-family: Arial; color: #87b612;\">\n<p>Vous souhaitez f\u00eater votre <strong>ANNIVERSAIRE <\/strong> ou vous pr\u00e9parez<br \/>\nune <strong>ANNIVERSAIRE SURPRISE<\/strong> pour une <strong>PERSONNE TR\u00c8S SP\u00c9CIALE<\/strong> ?<br \/>\n\"Un Gobelin chez vous\" vous propose<br \/>\ndes formules personnalis\u00e9es<\/p>\n<p><strong>Animation autour de 3\/4 jeux sur 2H<br \/>\nFormule 120\u20ac pour 8 personnes \u00e0 domicile<\/strong><\/p>\n<ul style=\"color: #fa6000;\">PACK \"PETITS JOUEURS\" (4 - 14 ANS ) *<\/ul>\n<p>1 cadeau pour chaque invit\u00e9(e)<br \/>\n1 cadeau personnalis\u00e9 pour l'enfant mis \u00e0 l'honneur<\/p>\n<ul style=\"color: #fa6000;\">PACK \"GRANDS JOUEURS\" (15 - 99 ANS) *<\/ul>\n<p>1 ou plusieurs cadeaux personnalis\u00e9(s) pour<br \/>\nla personne mise \u00e0 l'honneur<\/p>\n<p>* <em>comprend des cartons d'invitation \u00e0 personnaliser<\/em><\/p>\n<p><a href=\"?page_id=359#postuler\">Pour r\u00e9server ou obtenir plus de renseignements, cliquez ici<\/a><\/p>\n<\/div>\n<\/div>\n<\/div><\/div><\/div><\/div><\/div><\/div>","protected":false},"excerpt":{"rendered":"<p>\u00ab\u00a0Un Gobelin chez vous\u00a0\u00bb f\u00eate votre anniversaire2 heures d&rsquo;animation personnalis\u00e9e pour un moment inoubliable Vous souhaitez f\u00eater votre ANNIVERSAIRE ou vous pr\u00e9parez une ANNIVERSAIRE SURPRISE pour une PERSONNE TR\u00c8S SP\u00c9CIALE ? \u00ab\u00a0Un Gobelin chez vous\u00a0\u00bb vous propose des formules personnalis\u00e9es Animation autour de 3\/4 jeux sur 2H Formule 120\u20ac pour 8 personnes \u00e0 domicile PACK\u2026<\/p>\n","protected":false},"author":1,"featured_media":0,"parent":0,"menu_order":0,"comment_status":"closed","ping_status":"closed","template":"gDefault.php","meta":{"_genesis_hide_title":false,"_genesis_hide_breadcrumbs":false,"_genesis_hide_singular_image":false,"_genesis_hide_footer_widgets":false,"_genesis_custom_body_class":"","_genesis_custom_post_class":"","_genesis_layout":""},"_links":{"self":[{"href":"https:\/\/www.ungobelinchezvous.fr\/index.php?rest_route=\/wp\/v2\/pages\/1350"}],"collection":[{"href":"https:\/\/www.ungobelinchezvous.fr\/index.php?rest_route=\/wp\/v2\/pages"}],"about":[{"href":"https:\/\/www.ungobelinchezvous.fr\/index.php?rest_route=\/wp\/v2\/types\/page"}],"author":[{"embeddable":true,"href":"https:\/\/www.ungobelinchezvous.fr\/index.php?rest_route=\/wp\/v2\/users\/1"}],"replies":[{"embeddable":true,"href":"https:\/\/www.ungobelinchezvous.fr\/index.php?rest_route=%2Fwp%2Fv2%2Fcomments&post=1350"}],"version-history":[{"count":47,"href":"https:\/\/www.ungobelinchezvous.fr\/index.php?rest_route=\/wp\/v2\/pages\/1350\/revisions"}],"predecessor-version":[{"id":1435,"href":"https:\/\/www.ungobelinchezvous.fr\/index.php?rest_route=\/wp\/v2\/pages\/1350\/revisions\/1435"}],"wp:attachment":[{"href":"https:\/\/www.ungobelinchezvous.fr\/index.php?rest_route=%2Fwp%2Fv2%2Fmedia&parent=1350"}],"curies":[{"name":"wp","href":"https:\/\/api.w.org\/{rel}","templated":true}]}}